{"id":10892,"date":"2023-09-18T12:43:22","date_gmt":"2023-08-18T12:43:27","guid":{"rendered":"https:\/\/shop.msd-online.ch\/?post_type=product&#038;p=10892"},"modified":"2025-02-25T15:05:43","modified_gmt":"2025-02-25T15:05:43","slug":"paix-de","status":"publish","type":"product","link":"https:\/\/shop.msd-online.ch\/fr\/ produkt-fr\/paix-de\/","title":{"rendered":"Brochure &#8220;La paix&#8221; (DE, FR, IT)"},"content":{"rendered":"<p>Cette brochure color\u00e9e et moderne s&#8217;appuie sur la plateforme en ligne <a href=\"https:\/\/godloves.me\/peace\/\">godloves.me<\/a>. Elle offre ainsi un acc\u00e8s facile \u00e0 encore plus de contenus et de possibilit\u00e9s et constitue un produit d&#8217;\u00e9vang\u00e9lisation appropri\u00e9 pour tes rencontres avec les gens.<\/p>\n","protected":false},"excerpt":{"rendered":"<p>Du chaos \u00e0 la paix &#8211; nous avons toujours besoin de ce changement de perspective.<br \/>\nDieu veut remplir nos vies d&#8217;une paix authentique et durable.<br \/>\nPortons le message de cette paix dans chaque chaos du monde !<\/p>\n","protected":false},"featured_media":12950,"template":"","meta":{"_et_pb_use_builder":"off","_et_pb_old_content":"","_et_gb_content_width":""},"product_brand":[],"product_cat":[1093],"product_tag":[271,290,869,870],"class_list":{"0":"post-10892","1":"product","2":"type-product","3":"status-publish","4":"has-post-thumbnail","6":"product_cat-brochures-fr","7":"product_tag-godloves-me-fr","8":"product_tag-evangelisation-fr","9":"product_tag-paix","10":"product_tag-chaos-fr","12":"first","13":"instock","14":"taxable","15":"shipping-taxable","16":"purchasable","17":"product-type-variable"},"_links":{"self":[{"href":"https:\/\/shop.msd-online.ch\/fr\/wp-json\/wp\/v2\/product\/10892","targetHints":{"allow":["GET"]}}],"collection":[{"href":"https:\/\/shop.msd-online.ch\/fr\/wp-json\/wp\/v2\/product"}],"about":[{"href":"https:\/\/shop.msd-online.ch\/fr\/wp-json\/wp\/v2\/types\/product"}],"wp:featuredmedia":[{"embeddable":true,"href":"https:\/\/shop.msd-online.ch\/fr\/wp-json\/wp\/v2\/media\/12950"}],"wp:attachment":[{"href":"https:\/\/shop.msd-online.ch\/fr\/wp-json\/wp\/v2\/media?parent=10892"}],"wp:term":[{"taxonomy":"product_brand","embeddable":true,"href":"https:\/\/shop.msd-online.ch\/fr\/wp-json\/wp\/v2\/product_brand?post=10892"},{"taxonomy":"product_cat","embeddable":true,"href":"https:\/\/shop.msd-online.ch\/fr\/wp-json\/wp\/v2\/product_cat?post=10892"},{"taxonomy":"product_tag","embeddable":true,"href":"https:\/\/shop.msd-online.ch\/fr\/wp-json\/wp\/v2\/product_tag?post=10892"}],"curies":[{"name":"wp","href":"https:\/\/api.w.org\/{rel}","templated":true}]}}