{"id":11396,"date":"2024-10-31T08:13:57","date_gmt":"2024-10-31T08:13:57","guid":{"rendered":"https:\/\/shop.msd-online.ch\/?post_type=product&#038;p=11396"},"modified":"2025-11-13T10:51:55","modified_gmt":"2025-11-13T10:51:55","slug":"flyer-plie-noel-de-fr","status":"publish","type":"product","link":"https:\/\/shop.msd-online.ch\/fr\/ produkt-fr\/flyer-plie-noel-de-fr\/","title":{"rendered":"Flyer &#8220;Dieu se montre&#8221; (DE, FR, IT)"},"content":{"rendered":"<p>Notre d\u00e9pliant pli\u00e9 pr\u00e9sente comment Dieu se montre sous quatre angles. Les textes courts vous invitent \u00e0 visiter le site web godloves.me\/christmas, o\u00f9 des textes compl\u00e9mentaires sont publi\u00e9s les week-ends de d\u00e9cembre.<\/p>\n<p>Invitez vos semblables, vos amis et vos voisins \u00e0 d\u00e9couvrir ces quatre fa\u00e7ons de voir No\u00ebl.<\/p>\n","protected":false},"excerpt":{"rendered":"<p>D\u00e9pliant sur le th\u00e8me de No\u00ebl, qui sert de support publicitaire pour la plateforme num\u00e9rique <a href=\"https:\/\/godloves.me\/\">godloves.me<\/a> .<\/p>\n","protected":false},"featured_media":12965,"template":"","meta":{"_et_pb_use_builder":"","_et_pb_old_content":"","_et_gb_content_width":""},"product_brand":[],"product_cat":[1096],"product_tag":[271,312,949],"class_list":{"0":"post-11396","1":"product","2":"type-product","3":"status-publish","4":"has-post-thumbnail","6":"product_cat-flyer-fr","7":"product_tag-godloves-me-fr","8":"product_tag-noel","9":"product_tag-prospectus","11":"first","12":"instock","13":"taxable","14":"shipping-taxable","15":"purchasable","16":"product-type-variable"},"_links":{"self":[{"href":"https:\/\/shop.msd-online.ch\/fr\/wp-json\/wp\/v2\/product\/11396","targetHints":{"allow":["GET"]}}],"collection":[{"href":"https:\/\/shop.msd-online.ch\/fr\/wp-json\/wp\/v2\/product"}],"about":[{"href":"https:\/\/shop.msd-online.ch\/fr\/wp-json\/wp\/v2\/types\/product"}],"wp:featuredmedia":[{"embeddable":true,"href":"https:\/\/shop.msd-online.ch\/fr\/wp-json\/wp\/v2\/media\/12965"}],"wp:attachment":[{"href":"https:\/\/shop.msd-online.ch\/fr\/wp-json\/wp\/v2\/media?parent=11396"}],"wp:term":[{"taxonomy":"product_brand","embeddable":true,"href":"https:\/\/shop.msd-online.ch\/fr\/wp-json\/wp\/v2\/product_brand?post=11396"},{"taxonomy":"product_cat","embeddable":true,"href":"https:\/\/shop.msd-online.ch\/fr\/wp-json\/wp\/v2\/product_cat?post=11396"},{"taxonomy":"product_tag","embeddable":true,"href":"https:\/\/shop.msd-online.ch\/fr\/wp-json\/wp\/v2\/product_tag?post=11396"}],"curies":[{"name":"wp","href":"https:\/\/api.w.org\/{rel}","templated":true}]}}