{"id":11461,"date":"2023-11-09T10:50:44","date_gmt":"2023-11-09T11:01:20","guid":{"rendered":"https:\/\/shop.msd-online.ch\/produkt\/etiquette-de-bouteille-godloves-me\/"},"modified":"2025-03-04T13:55:28","modified_gmt":"2025-03-04T13:55:28","slug":"etiquette-de-bouteille-godloves-me","status":"publish","type":"product","link":"https:\/\/shop.msd-online.ch\/fr\/ produkt-fr\/etiquette-de-bouteille-godloves-me\/","title":{"rendered":"\u00c9tiquette de bouteille &#8220;Was erf\u00fcllt dein Leben&#8221; (DE)"},"content":{"rendered":"<div>Va vers les gens en utilisant les \u00e9tiquettes godloves.me avec la question &#8216;Qu&#8217;est-ce qui remplit ta vie ? Cette \u00e9tiquette convient \u00e0 tous les types de boissons, qu&#8217;il s&#8217;agisse de boissons \u00e9nergisantes, de bouteilles d&#8217;eau ou autres. Cette \u00e9tiquette convient \u00e0 tous les types de boissons, qu&#8217;il s&#8217;agisse de boissons \u00e9nergisantes, de bouteilles d&#8217;eau ou autres.<\/div>\n","protected":false},"excerpt":{"rendered":"<div>godloves.me \u00e9tiquettes de bouteilles avec la question &#8216;Qu&#8217;est-ce qui remplit ta vie ? Cette \u00e9tiquette convient \u00e0 tous les types de boissons, qu&#8217;il s&#8217;agisse de boissons \u00e9nergisantes, de bouteilles d&#8217;eau ou autres.<\/div>\n","protected":false},"featured_media":12995,"template":"","meta":{"_et_pb_use_builder":"","_et_pb_old_content":"","_et_gb_content_width":""},"product_brand":[],"product_cat":[1095],"product_tag":[271,955],"class_list":{"0":"post-11461","1":"product","2":"type-product","3":"status-publish","4":"has-post-thumbnail","6":"product_cat-fashion-fr","7":"product_tag-godloves-me-fr","8":"product_tag-bouteille","10":"first","11":"instock","12":"taxable","13":"shipping-taxable","14":"purchasable","15":"product-type-simple"},"_links":{"self":[{"href":"https:\/\/shop.msd-online.ch\/fr\/wp-json\/wp\/v2\/product\/11461","targetHints":{"allow":["GET"]}}],"collection":[{"href":"https:\/\/shop.msd-online.ch\/fr\/wp-json\/wp\/v2\/product"}],"about":[{"href":"https:\/\/shop.msd-online.ch\/fr\/wp-json\/wp\/v2\/types\/product"}],"wp:featuredmedia":[{"embeddable":true,"href":"https:\/\/shop.msd-online.ch\/fr\/wp-json\/wp\/v2\/media\/12995"}],"wp:attachment":[{"href":"https:\/\/shop.msd-online.ch\/fr\/wp-json\/wp\/v2\/media?parent=11461"}],"wp:term":[{"taxonomy":"product_brand","embeddable":true,"href":"https:\/\/shop.msd-online.ch\/fr\/wp-json\/wp\/v2\/product_brand?post=11461"},{"taxonomy":"product_cat","embeddable":true,"href":"https:\/\/shop.msd-online.ch\/fr\/wp-json\/wp\/v2\/product_cat?post=11461"},{"taxonomy":"product_tag","embeddable":true,"href":"https:\/\/shop.msd-online.ch\/fr\/wp-json\/wp\/v2\/product_tag?post=11461"}],"curies":[{"name":"wp","href":"https:\/\/api.w.org\/{rel}","templated":true}]}}