{"id":11892,"date":"2024-04-09T06:57:59","date_gmt":"2024-04-09T06:58:02","guid":{"rendered":"https:\/\/shop.msd-online.ch\/?post_type=product&#038;p=11892"},"modified":"2025-03-04T14:18:28","modified_gmt":"2025-03-04T14:18:28","slug":"premiermai","status":"publish","type":"product","link":"https:\/\/shop.msd-online.ch\/fr\/ produkt-fr\/premiermai\/","title":{"rendered":"Carte de contact &#8220;Merci, tu es important&#8221; (DE, FR)"},"content":{"rendered":"<p>Carte de visite sp\u00e9ciale pour le 1er mai, comme occasion d&#8217;exprimer notre gratitude : &#8220;Merci, tu es important&#8221;. Par ce petit geste de remerciement, nous exprimons notre estime et notre gratitude. Ach\u00e8te une pi\u00e8ce (en chocolat) et colle-la sur la carte. Les cartes de visite sont imprim\u00e9es recto-verso, munies d&#8217;un code QR et avec des coins arrondis, en allemand et en fran\u00e7ais. R\u00e9f\u00e9rence au site web multilingue <a href=\"https:\/\/godloves.me\/\">godloves.me,<\/a> avec des contenus \u00e9vang\u00e9liques hebdomadaires. \u00c9galement disponible en set de 10 dans une bo\u00eete en plastique transparente. Pratique et prot\u00e9g\u00e9 pour emporter et distribuer les cartes.<\/p>\n","protected":false},"excerpt":{"rendered":"<p>Carte de visite sp\u00e9ciale pour le 1er mai, comme occasion d&#8217;exprimer notre gratitude : &#8220;Merci, tu es important&#8221;. comme support publicitaire pour <a href=\"https:\/\/godloves.me\/\">godloves.me<\/a><\/p>\n","protected":false},"featured_media":12977,"template":"","meta":{"_et_pb_use_builder":"","_et_pb_old_content":"","_et_gb_content_width":""},"product_brand":[],"product_cat":[1090],"product_tag":[991,271,289,290,890],"class_list":{"0":"post-11892","1":"product","2":"type-product","3":"status-publish","4":"has-post-thumbnail","6":"product_cat-cartes-de-visite-fr","7":"product_tag-1er-mai","8":"product_tag-godloves-me-fr","9":"product_tag-carte-de-visite","10":"product_tag-evangelisation-fr","11":"product_tag-carte-fr","13":"first","14":"instock","15":"taxable","16":"shipping-taxable","17":"purchasable","18":"product-type-variable"},"_links":{"self":[{"href":"https:\/\/shop.msd-online.ch\/fr\/wp-json\/wp\/v2\/product\/11892","targetHints":{"allow":["GET"]}}],"collection":[{"href":"https:\/\/shop.msd-online.ch\/fr\/wp-json\/wp\/v2\/product"}],"about":[{"href":"https:\/\/shop.msd-online.ch\/fr\/wp-json\/wp\/v2\/types\/product"}],"wp:featuredmedia":[{"embeddable":true,"href":"https:\/\/shop.msd-online.ch\/fr\/wp-json\/wp\/v2\/media\/12977"}],"wp:attachment":[{"href":"https:\/\/shop.msd-online.ch\/fr\/wp-json\/wp\/v2\/media?parent=11892"}],"wp:term":[{"taxonomy":"product_brand","embeddable":true,"href":"https:\/\/shop.msd-online.ch\/fr\/wp-json\/wp\/v2\/product_brand?post=11892"},{"taxonomy":"product_cat","embeddable":true,"href":"https:\/\/shop.msd-online.ch\/fr\/wp-json\/wp\/v2\/product_cat?post=11892"},{"taxonomy":"product_tag","embeddable":true,"href":"https:\/\/shop.msd-online.ch\/fr\/wp-json\/wp\/v2\/product_tag?post=11892"}],"curies":[{"name":"wp","href":"https:\/\/api.w.org\/{rel}","templated":true}]}}