{"id":12133,"date":"2024-09-10T13:08:30","date_gmt":"2024-09-17T13:31:09","guid":{"rendered":"https:\/\/shop.msd-online.ch\/produkt\/livre-stations-de-ma-vie\/"},"modified":"2025-03-04T15:05:01","modified_gmt":"2025-03-04T15:05:01","slug":"livre-stations-de-ma-vie","status":"publish","type":"product","link":"https:\/\/shop.msd-online.ch\/fr\/ produkt-fr\/livre-stations-de-ma-vie\/","title":{"rendered":"Livre &#8220;Stationen meines Lebens&#8221; (DE)"},"content":{"rendered":"<p>D\u00e9couvre l&#8217;histoire passionnante de la vie d&#8217;August Pressler :<br \/>\nSoldat de la L\u00e9gion \u00e9trang\u00e8re fran\u00e7aise, sauv\u00e9 par l&#8217;intervention de Dieu, il a trouv\u00e9 la foi et a touch\u00e9 de nombreux c\u0153urs en tant que missionnaire.<br \/>\n3\u00e8me \u00e9dition (2024)<\/p>\n","protected":false},"excerpt":{"rendered":"<p>Livre d\u2019August Pressler \u00ab\u00a0Stations of my Life\u00a0\u00bb<\/p>\n","protected":false},"featured_media":13058,"template":"","meta":{"_et_pb_use_builder":"","_et_pb_old_content":"","_et_gb_content_width":""},"product_brand":[],"product_cat":[1094,744],"product_tag":[1049,1050,922,1048],"class_list":{"0":"post-12133","1":"product","2":"type-product","3":"status-publish","4":"has-post-thumbnail","6":"product_cat-livres-fr","7":"product_cat-missionswerkmsd-fr","8":"product_tag-legion-etrangere","9":"product_tag-dieu-fait-lexperience","10":"product_tag-livre","11":"product_tag-pressler-fr","13":"first","14":"instock","15":"taxable","16":"shipping-taxable","17":"purchasable","18":"product-type-simple"},"_links":{"self":[{"href":"https:\/\/shop.msd-online.ch\/fr\/wp-json\/wp\/v2\/product\/12133","targetHints":{"allow":["GET"]}}],"collection":[{"href":"https:\/\/shop.msd-online.ch\/fr\/wp-json\/wp\/v2\/product"}],"about":[{"href":"https:\/\/shop.msd-online.ch\/fr\/wp-json\/wp\/v2\/types\/product"}],"wp:featuredmedia":[{"embeddable":true,"href":"https:\/\/shop.msd-online.ch\/fr\/wp-json\/wp\/v2\/media\/13058"}],"wp:attachment":[{"href":"https:\/\/shop.msd-online.ch\/fr\/wp-json\/wp\/v2\/media?parent=12133"}],"wp:term":[{"taxonomy":"product_brand","embeddable":true,"href":"https:\/\/shop.msd-online.ch\/fr\/wp-json\/wp\/v2\/product_brand?post=12133"},{"taxonomy":"product_cat","embeddable":true,"href":"https:\/\/shop.msd-online.ch\/fr\/wp-json\/wp\/v2\/product_cat?post=12133"},{"taxonomy":"product_tag","embeddable":true,"href":"https:\/\/shop.msd-online.ch\/fr\/wp-json\/wp\/v2\/product_tag?post=12133"}],"curies":[{"name":"wp","href":"https:\/\/api.w.org\/{rel}","templated":true}]}}