{"id":12219,"date":"2024-11-29T08:27:28","date_gmt":"2024-11-29T08:27:28","guid":{"rendered":"https:\/\/shop.msd-online.ch\/produkt\/brochure-plenitude-de-fr\/"},"modified":"2025-03-11T13:24:24","modified_gmt":"2025-03-11T13:24:24","slug":"brochure-plenitude-de-fr","status":"publish","type":"product","link":"https:\/\/shop.msd-online.ch\/fr\/ produkt-fr\/brochure-plenitude-de-fr\/","title":{"rendered":"Brochure &#8220;Pl\u00e9nitude&#8221; (DE, FR)"},"content":{"rendered":"<p>Cette brochure color\u00e9e et moderne s&#8217;appuie sur la plateforme en ligne <a href=\"https:\/\/godloves.me\/peace\/\">godloves.me<\/a>. Elle offre ainsi un acc\u00e8s facile \u00e0 encore plus de contenus et de possibilit\u00e9s et constitue un produit d&#8217;\u00e9vang\u00e9lisation appropri\u00e9 pour tes rencontres avec les gens. Avec des exp\u00e9riences personnelles, des citations inspirantes et un message clair, elle montre comment le v\u00e9ritable accomplissement n&#8217;est possible qu&#8217;\u00e0 travers J\u00e9sus.<\/p>\n","protected":false},"excerpt":{"rendered":"<p>Cette brochure color\u00e9e et moderne s&#8217;appuie sur la plateforme en ligne <a href=\"https:\/\/godloves.me\/peace\/\">godloves.me<\/a>. Elle offre ainsi un acc\u00e8s facile \u00e0 encore plus de contenus et de possibilit\u00e9s et constitue un produit d&#8217;\u00e9vang\u00e9lisation appropri\u00e9 pour tes rencontres avec les gens. Avec des exp\u00e9riences personnelles, des citations inspirantes et un message clair, elle montre comment le v\u00e9ritable accomplissement n&#8217;est possible qu&#8217;\u00e0 travers J\u00e9sus.<\/p>\n","protected":false},"featured_media":12953,"template":"","meta":{"_et_pb_use_builder":"","_et_pb_old_content":"","_et_gb_content_width":""},"product_brand":[],"product_cat":[1093],"product_tag":[271,290,1068],"class_list":{"0":"post-12219","1":"product","2":"type-product","3":"status-publish","4":"has-post-thumbnail","6":"product_cat-brochures-fr","7":"product_tag-godloves-me-fr","8":"product_tag-evangelisation-fr","9":"product_tag-plenitude","11":"first","12":"instock","13":"taxable","14":"shipping-taxable","15":"purchasable","16":"product-type-variable"},"_links":{"self":[{"href":"https:\/\/shop.msd-online.ch\/fr\/wp-json\/wp\/v2\/product\/12219","targetHints":{"allow":["GET"]}}],"collection":[{"href":"https:\/\/shop.msd-online.ch\/fr\/wp-json\/wp\/v2\/product"}],"about":[{"href":"https:\/\/shop.msd-online.ch\/fr\/wp-json\/wp\/v2\/types\/product"}],"wp:featuredmedia":[{"embeddable":true,"href":"https:\/\/shop.msd-online.ch\/fr\/wp-json\/wp\/v2\/media\/12953"}],"wp:attachment":[{"href":"https:\/\/shop.msd-online.ch\/fr\/wp-json\/wp\/v2\/media?parent=12219"}],"wp:term":[{"taxonomy":"product_brand","embeddable":true,"href":"https:\/\/shop.msd-online.ch\/fr\/wp-json\/wp\/v2\/product_brand?post=12219"},{"taxonomy":"product_cat","embeddable":true,"href":"https:\/\/shop.msd-online.ch\/fr\/wp-json\/wp\/v2\/product_cat?post=12219"},{"taxonomy":"product_tag","embeddable":true,"href":"https:\/\/shop.msd-online.ch\/fr\/wp-json\/wp\/v2\/product_tag?post=12219"}],"curies":[{"name":"wp","href":"https:\/\/api.w.org\/{rel}","templated":true}]}}