{"id":13209,"date":"2024-03-25T14:31:44","date_gmt":"2025-03-25T14:31:45","guid":{"rendered":"https:\/\/shop.msd-online.ch\/?post_type=product&#038;p=13209"},"modified":"2025-03-25T16:00:47","modified_gmt":"2025-03-25T16:00:47","slug":"carte-de-contact-merci-tu-es-important-de-fr-kopie-2","status":"publish","type":"product","link":"https:\/\/shop.msd-online.ch\/fr\/ produkt-fr\/carte-de-contact-merci-tu-es-important-de-fr-kopie-2\/","title":{"rendered":"carte professionnelle &#8220;Der unvergessliche Sieg&#8221; (DE)"},"content":{"rendered":"<p>Carte de visite sp\u00e9ciale pour le championnat de football.<\/p>\n<p>Les cartes de visite sont imprim\u00e9es sur les deux faces, munies d&#8217;un code QR et avec des coins arrondis, softtouch, en allemand.<\/p>\n<p>R\u00e9f\u00e9rence au site web multilingue <a href=\"https:\/\/godloves.me\/\">godloves.me<\/a>, avec des contenus \u00e9vang\u00e9liques hebdomadaires.<\/p>\n<p>\u00c9galement disponible en set de 10 dans une bo\u00eete en plastique transparente. Pratique et prot\u00e9g\u00e9 pour emporter et distribuer les cartes.<\/p>\n","protected":false},"excerpt":{"rendered":"<p>Carte de visite sp\u00e9ciale pour le championnat de football comme support publicitaire pour <a href=\"https:\/\/godloves.me\/\">godloves.me<\/a>.<\/p>\n","protected":false},"featured_media":12980,"template":"","meta":{"_et_pb_use_builder":"","_et_pb_old_content":"","_et_gb_content_width":""},"product_brand":[],"product_cat":[1090],"product_tag":[289,290,890,1220,271],"class_list":{"0":"post-13209","1":"product","2":"type-product","3":"status-publish","4":"has-post-thumbnail","6":"product_cat-cartes-de-visite-fr","7":"product_tag-carte-de-visite","8":"product_tag-evangelisation-fr","9":"product_tag-carte-fr","10":"product_tag-football","11":"product_tag-godloves-me-fr","13":"first","14":"instock","15":"taxable","16":"shipping-taxable","17":"purchasable","18":"product-type-variable"},"_links":{"self":[{"href":"https:\/\/shop.msd-online.ch\/fr\/wp-json\/wp\/v2\/product\/13209","targetHints":{"allow":["GET"]}}],"collection":[{"href":"https:\/\/shop.msd-online.ch\/fr\/wp-json\/wp\/v2\/product"}],"about":[{"href":"https:\/\/shop.msd-online.ch\/fr\/wp-json\/wp\/v2\/types\/product"}],"wp:featuredmedia":[{"embeddable":true,"href":"https:\/\/shop.msd-online.ch\/fr\/wp-json\/wp\/v2\/media\/12980"}],"wp:attachment":[{"href":"https:\/\/shop.msd-online.ch\/fr\/wp-json\/wp\/v2\/media?parent=13209"}],"wp:term":[{"taxonomy":"product_brand","embeddable":true,"href":"https:\/\/shop.msd-online.ch\/fr\/wp-json\/wp\/v2\/product_brand?post=13209"},{"taxonomy":"product_cat","embeddable":true,"href":"https:\/\/shop.msd-online.ch\/fr\/wp-json\/wp\/v2\/product_cat?post=13209"},{"taxonomy":"product_tag","embeddable":true,"href":"https:\/\/shop.msd-online.ch\/fr\/wp-json\/wp\/v2\/product_tag?post=13209"}],"curies":[{"name":"wp","href":"https:\/\/api.w.org\/{rel}","templated":true}]}}