{"id":13353,"date":"2024-11-15T10:27:20","date_gmt":"2024-11-15T10:27:20","guid":{"rendered":"https:\/\/shop.msd-online.ch\/produkt\/calendrier-panorama-2026-de\/"},"modified":"2025-09-09T08:44:39","modified_gmt":"2025-09-09T08:44:39","slug":"calendrier-panorama-2026-de","status":"publish","type":"product","link":"https:\/\/shop.msd-online.ch\/fr\/ produkt-fr\/calendrier-panorama-2026-de\/","title":{"rendered":"Calendrier \u00bbPanorama\u00ab 2026 (DE)"},"content":{"rendered":"<p>Le calendrier color\u00e9 a une belle image avec un verset de la Bible chaque mois.<br \/>\nPeut \u00eatre accroch\u00e9 ou install\u00e9.<\/p>\n","protected":false},"excerpt":{"rendered":"<p>Le calendrier color\u00e9 a une belle image avec un verset de la Bible chaque mois.<br \/>\nPeut \u00eatre accroch\u00e9 ou install\u00e9.<\/p>\n","protected":false},"featured_media":13423,"template":"","meta":{"_et_pb_use_builder":"off","_et_pb_old_content":"","_et_gb_content_width":""},"product_brand":[],"product_cat":[1097],"product_tag":[1237,1238,1239],"class_list":{"0":"post-13353","1":"product","2":"type-product","3":"status-publish","4":"has-post-thumbnail","6":"product_cat-calendrier-fr","7":"product_tag-calendrier","8":"product_tag-la-vie-cest-plus","9":"product_tag-calendrier-2026","11":"first","12":"instock","13":"taxable","14":"shipping-taxable","15":"purchasable","16":"product-type-simple"},"_links":{"self":[{"href":"https:\/\/shop.msd-online.ch\/fr\/wp-json\/wp\/v2\/product\/13353","targetHints":{"allow":["GET"]}}],"collection":[{"href":"https:\/\/shop.msd-online.ch\/fr\/wp-json\/wp\/v2\/product"}],"about":[{"href":"https:\/\/shop.msd-online.ch\/fr\/wp-json\/wp\/v2\/types\/product"}],"wp:featuredmedia":[{"embeddable":true,"href":"https:\/\/shop.msd-online.ch\/fr\/wp-json\/wp\/v2\/media\/13423"}],"wp:attachment":[{"href":"https:\/\/shop.msd-online.ch\/fr\/wp-json\/wp\/v2\/media?parent=13353"}],"wp:term":[{"taxonomy":"product_brand","embeddable":true,"href":"https:\/\/shop.msd-online.ch\/fr\/wp-json\/wp\/v2\/product_brand?post=13353"},{"taxonomy":"product_cat","embeddable":true,"href":"https:\/\/shop.msd-online.ch\/fr\/wp-json\/wp\/v2\/product_cat?post=13353"},{"taxonomy":"product_tag","embeddable":true,"href":"https:\/\/shop.msd-online.ch\/fr\/wp-json\/wp\/v2\/product_tag?post=13353"}],"curies":[{"name":"wp","href":"https:\/\/api.w.org\/{rel}","templated":true}]}}