{"id":13367,"date":"2024-06-11T09:27:57","date_gmt":"2024-06-11T09:27:57","guid":{"rendered":"https:\/\/shop.msd-online.ch\/?post_type=product&#038;p=13367"},"modified":"2025-09-11T09:29:28","modified_gmt":"2025-09-11T09:29:28","slug":"heft-godtime-de","status":"publish","type":"product","link":"https:\/\/shop.msd-online.ch\/fr\/ produkt-fr\/heft-godtime-de\/","title":{"rendered":"Heft &#8220;GodTime&#8221; (DE)"},"content":{"rendered":"<p class=\"p1\">Durch GodTime entdecken Menschen das Leben mit Jesus Christus<\/p>\n<p class=\"p1\">Was dich erwartet<\/p>\n<p class=\"p1\">\u2022 Fundamentale Fragen zum christlichen Glauben werden in den Godrime Hetten an Hand von Gottes Wort beantwortet. Du wirst ermutigt, in deiner Bibel<br \/>\nnach Antworten zu forschen.<\/p>\n<ul class=\"ul1\">\n<li class=\"li1\">Durch die GodTime Hefte erh\u00e4ltst du Inspiration aus der Bibel, wie du deinen Glauben praktisch im Alltag leben kannst.<\/li>\n<li class=\"li1\">Die GodTime Hefte bef\u00e4higen dich, J\u00fcngerschaft zu leben und das Evangelium mit deinen Freunden zu teilen.<\/li>\n<\/ul>\n<p class=\"p1\">Wie du es einsetzt<\/p>\n<p class=\"p1\">Wir emptehlen dir, deine Godlime in einer zweierschatt oder einer Gruppe zu machen. Wir traumen davon, dass deine Godlime dich durch die Bibel naher zu Gott f\u00fchren darf. Aus diesem Grund setze w\u00e4hrend deiner GodTime deine analoge Bibel ein. Wir empfehlen dir zum Start eine Hoffnung f\u00fcr alle oder eine Neues Leben Bibel zu verwenden.<\/p>\n<p class=\"p1\">Das Heft ist derzeit nur auf Deutsch verf\u00fcgbar. Falls du Interesse an einer franz\u00f6sischen Ausgabe hast, melde dich bitte direkt bei uns. So k\u00f6nnen wir den Bedarf besser einsch\u00e4tzen.<\/p>\n","protected":false},"excerpt":{"rendered":"<p>Durch die GodTime Hefte erh\u00e4ltst du Inspiration aus der Bibel, wie du deinen Glauben praktisch im Alltag leben kannst.<\/p>\n","protected":false},"featured_media":13011,"template":"","meta":{"_et_pb_use_builder":"","_et_pb_old_content":"","_et_gb_content_width":""},"product_brand":[],"product_cat":[21],"product_tag":[995,996,997,303],"class_list":{"0":"post-13367","1":"product","2":"type-product","3":"status-publish","4":"has-post-thumbnail","6":"product_cat-buecher","7":"product_tag-bibelstudium","8":"product_tag-juengerschaft","9":"product_tag-heft","10":"product_tag-godtime-online","12":"first","13":"instock","14":"taxable","15":"shipping-taxable","16":"purchasable","17":"product-type-simple"},"_links":{"self":[{"href":"https:\/\/shop.msd-online.ch\/fr\/wp-json\/wp\/v2\/product\/13367","targetHints":{"allow":["GET"]}}],"collection":[{"href":"https:\/\/shop.msd-online.ch\/fr\/wp-json\/wp\/v2\/product"}],"about":[{"href":"https:\/\/shop.msd-online.ch\/fr\/wp-json\/wp\/v2\/types\/product"}],"wp:featuredmedia":[{"embeddable":true,"href":"https:\/\/shop.msd-online.ch\/fr\/wp-json\/wp\/v2\/media\/13011"}],"wp:attachment":[{"href":"https:\/\/shop.msd-online.ch\/fr\/wp-json\/wp\/v2\/media?parent=13367"}],"wp:term":[{"taxonomy":"product_brand","embeddable":true,"href":"https:\/\/shop.msd-online.ch\/fr\/wp-json\/wp\/v2\/product_brand?post=13367"},{"taxonomy":"product_cat","embeddable":true,"href":"https:\/\/shop.msd-online.ch\/fr\/wp-json\/wp\/v2\/product_cat?post=13367"},{"taxonomy":"product_tag","embeddable":true,"href":"https:\/\/shop.msd-online.ch\/fr\/wp-json\/wp\/v2\/product_tag?post=13367"}],"curies":[{"name":"wp","href":"https:\/\/api.w.org\/{rel}","templated":true}]}}