{"id":2028,"date":"2019-05-02T14:31:43","date_gmt":"2020-10-06T06:42:32","guid":{"rendered":"https:\/\/development.msd-online.ch\/produkt\/bergbibel-de\/"},"modified":"2025-03-04T15:34:37","modified_gmt":"2025-03-04T15:34:37","slug":"bergbibel","status":"publish","type":"product","link":"https:\/\/shop.msd-online.ch\/fr\/ produkt-fr\/bergbibel\/","title":{"rendered":"Bible de la montagne (DE, FR)"},"content":{"rendered":"","protected":false},"excerpt":{"rendered":"<p class=\"p1\">Ce nouveau testament est id\u00e9al pour les amoureux de la nature. De belles images, des r\u00e9cits de vie et le texte biblique lui-m\u00eame jettent un pont vers le Cr\u00e9ateur.<\/p>\n","protected":false},"featured_media":13275,"template":"","meta":{"_et_pb_use_builder":"","_et_pb_old_content":"","_et_gb_content_width":""},"product_brand":[],"product_cat":[1078],"product_tag":[1214,1215,1216,1213],"class_list":{"0":"post-2028","1":"product","2":"type-product","3":"status-publish","4":"has-post-thumbnail","6":"product_cat-bibles-fr","7":"product_tag-bible-de-la-montagne","8":"product_tag-nature-fr","9":"product_tag-montagne","10":"product_tag-nouveau-testament","12":"first","13":"instock","14":"taxable","15":"shipping-taxable","16":"purchasable","17":"product-type-variable","18":"has-default-attributes"},"_links":{"self":[{"href":"https:\/\/shop.msd-online.ch\/fr\/wp-json\/wp\/v2\/product\/2028","targetHints":{"allow":["GET"]}}],"collection":[{"href":"https:\/\/shop.msd-online.ch\/fr\/wp-json\/wp\/v2\/product"}],"about":[{"href":"https:\/\/shop.msd-online.ch\/fr\/wp-json\/wp\/v2\/types\/product"}],"wp:featuredmedia":[{"embeddable":true,"href":"https:\/\/shop.msd-online.ch\/fr\/wp-json\/wp\/v2\/media\/13275"}],"wp:attachment":[{"href":"https:\/\/shop.msd-online.ch\/fr\/wp-json\/wp\/v2\/media?parent=2028"}],"wp:term":[{"taxonomy":"product_brand","embeddable":true,"href":"https:\/\/shop.msd-online.ch\/fr\/wp-json\/wp\/v2\/product_brand?post=2028"},{"taxonomy":"product_cat","embeddable":true,"href":"https:\/\/shop.msd-online.ch\/fr\/wp-json\/wp\/v2\/product_cat?post=2028"},{"taxonomy":"product_tag","embeddable":true,"href":"https:\/\/shop.msd-online.ch\/fr\/wp-json\/wp\/v2\/product_tag?post=2028"}],"curies":[{"name":"wp","href":"https:\/\/api.w.org\/{rel}","templated":true}]}}