{"id":2071,"date":"2019-05-02T14:32:02","date_gmt":"2020-10-06T08:27:58","guid":{"rendered":"https:\/\/development.msd-online.ch\/produkt\/modele-de-pont-allemand-m-de\/"},"modified":"2025-03-11T13:38:09","modified_gmt":"2025-03-11T13:38:09","slug":"brueckenmodel-medium","status":"publish","type":"product","link":"https:\/\/shop.msd-online.ch\/fr\/ produkt-fr\/brueckenmodel-medium\/","title":{"rendered":"Pont grand (div. langues)"},"content":{"rendered":"<p>Ce mod\u00e8le simple en bois avec livret d\u2019instructions <a href=\"https:\/\/shop.msd-online.ch\/produkt\/broschuere-wirklich-geliebt\/\">&#8220;Vraiment aim\u00e9&#8221;<\/a> montre le chemin vers Dieu par J\u00e9sus-Christ \u00e0 petits pas.<\/p>\n<p>Sur demande, les ponts peuvent \u00eatre imprim\u00e9s en diverses langues. Ils sont produits d\u00e8s r\u00e9ception de la commande, c&#8217;est pourquoi nous avons un d\u00e9lai de livraison plus long.<\/p>\n","protected":false},"excerpt":{"rendered":"<p>Ce mod\u00e8le simple en bois avec livret d\u2019instructions <a href=\"https:\/\/shop.msd-online.ch\/produkt\/broschuere-wirklich-geliebt\/\">&#8220;Vraiment aim\u00e9&#8221;<\/a> montre le chemin vers Dieu par J\u00e9sus-Christ \u00e0 petits pas.<\/p>\n","protected":false},"featured_media":13279,"template":"","meta":{"_et_pb_use_builder":"","_et_pb_old_content":"","_et_gb_content_width":""},"product_brand":[],"product_cat":[1099],"product_tag":[1202,1203,1204],"class_list":{"0":"post-2071","1":"product","2":"type-product","3":"status-publish","4":"has-post-thumbnail","6":"product_cat-modeles-fr","7":"product_tag-modelle","8":"product_tag-pont","9":"product_tag-wirklich-geliebt-fr","11":"first","12":"instock","13":"taxable","14":"shipping-taxable","15":"purchasable","16":"product-type-variable","17":"has-default-attributes"},"_links":{"self":[{"href":"https:\/\/shop.msd-online.ch\/fr\/wp-json\/wp\/v2\/product\/2071","targetHints":{"allow":["GET"]}}],"collection":[{"href":"https:\/\/shop.msd-online.ch\/fr\/wp-json\/wp\/v2\/product"}],"about":[{"href":"https:\/\/shop.msd-online.ch\/fr\/wp-json\/wp\/v2\/types\/product"}],"wp:featuredmedia":[{"embeddable":true,"href":"https:\/\/shop.msd-online.ch\/fr\/wp-json\/wp\/v2\/media\/13279"}],"wp:attachment":[{"href":"https:\/\/shop.msd-online.ch\/fr\/wp-json\/wp\/v2\/media?parent=2071"}],"wp:term":[{"taxonomy":"product_brand","embeddable":true,"href":"https:\/\/shop.msd-online.ch\/fr\/wp-json\/wp\/v2\/product_brand?post=2071"},{"taxonomy":"product_cat","embeddable":true,"href":"https:\/\/shop.msd-online.ch\/fr\/wp-json\/wp\/v2\/product_cat?post=2071"},{"taxonomy":"product_tag","embeddable":true,"href":"https:\/\/shop.msd-online.ch\/fr\/wp-json\/wp\/v2\/product_tag?post=2071"}],"curies":[{"name":"wp","href":"https:\/\/api.w.org\/{rel}","templated":true}]}}