{"id":2630,"date":"2023-07-06T06:15:08","date_gmt":"2023-07-06T06:15:08","guid":{"rendered":"https:\/\/shop.msd-online.ch\/produkt\/carte-de-visite-godloves-me\/"},"modified":"2025-03-27T15:11:32","modified_gmt":"2025-03-27T15:11:32","slug":"godloves-me-visitenkarte","status":"publish","type":"product","link":"https:\/\/shop.msd-online.ch\/fr\/ produkt-fr\/godloves-me-visitenkarte\/","title":{"rendered":"Carte de contact &#8220;Dieu t&#8217;aime&#8221; (DE, FR)"},"content":{"rendered":"<p>Les cartes de visite sont imprim\u00e9es sur les deux faces, munies d&#8217;un code QR et avec des coins arrondis, softtouch.<\/p>\n<p>R\u00e9f\u00e9rence au site web multilingue <a href=\"https:\/\/godloves.me\/\">godloves.me<\/a>, avec des contenus \u00e9vang\u00e9liques hebdomadaires.<\/p>\n<p>\u00c9galement disponible en set de 10 dans une bo\u00eete en plastique transparente. Pratique et prot\u00e9g\u00e9 pour emporter et distribuer les cartes.<\/p>\n","protected":false},"excerpt":{"rendered":"<p>Carte de visite comme support publicitaire pour <a href=\"https:\/\/godloves.me\/\">godloves.me<\/a><\/p>\n","protected":false},"featured_media":12971,"template":"","meta":{"_et_pb_use_builder":"","_et_pb_old_content":"","_et_gb_content_width":""},"product_brand":[],"product_cat":[1090],"product_tag":[271,289,290,313],"class_list":{"0":"post-2630","1":"product","2":"type-product","3":"status-publish","4":"has-post-thumbnail","6":"product_cat-cartes-de-visite-fr","7":"product_tag-godloves-me-fr","8":"product_tag-carte-de-visite","9":"product_tag-evangelisation-fr","10":"product_tag-cartes","12":"first","13":"instock","14":"taxable","15":"shipping-taxable","16":"purchasable","17":"product-type-variable"},"_links":{"self":[{"href":"https:\/\/shop.msd-online.ch\/fr\/wp-json\/wp\/v2\/product\/2630","targetHints":{"allow":["GET"]}}],"collection":[{"href":"https:\/\/shop.msd-online.ch\/fr\/wp-json\/wp\/v2\/product"}],"about":[{"href":"https:\/\/shop.msd-online.ch\/fr\/wp-json\/wp\/v2\/types\/product"}],"wp:featuredmedia":[{"embeddable":true,"href":"https:\/\/shop.msd-online.ch\/fr\/wp-json\/wp\/v2\/media\/12971"}],"wp:attachment":[{"href":"https:\/\/shop.msd-online.ch\/fr\/wp-json\/wp\/v2\/media?parent=2630"}],"wp:term":[{"taxonomy":"product_brand","embeddable":true,"href":"https:\/\/shop.msd-online.ch\/fr\/wp-json\/wp\/v2\/product_brand?post=2630"},{"taxonomy":"product_cat","embeddable":true,"href":"https:\/\/shop.msd-online.ch\/fr\/wp-json\/wp\/v2\/product_cat?post=2630"},{"taxonomy":"product_tag","embeddable":true,"href":"https:\/\/shop.msd-online.ch\/fr\/wp-json\/wp\/v2\/product_tag?post=2630"}],"curies":[{"name":"wp","href":"https:\/\/api.w.org\/{rel}","templated":true}]}}