{"id":7583,"date":"2024-09-17T11:30:44","date_gmt":"2024-09-17T11:30:44","guid":{"rendered":"https:\/\/shop.msd-online.ch\/?post_type=product&#038;p=7583"},"modified":"2025-11-25T09:36:36","modified_gmt":"2025-11-25T09:36:36","slug":"steps-quest-de","status":"publish","type":"product","link":"https:\/\/shop.msd-online.ch\/fr\/ produkt-fr\/steps-quest-de\/","title":{"rendered":"Kalender &#8220;steps quest&#8221; 2026 (DE, FR)"},"content":{"rendered":"<p>Kalender f\u00fcr Teenager und Jugendliche. Mit tollen, farbigen Fotos, Gedanken \u00fcber Gott, als Planungshilfe, viele Anst\u00f6sse zum Nach- und Weiterdenken.<\/p>\n<p>Format A4.<\/p>\n","protected":false},"excerpt":{"rendered":"<p>Kalender f\u00fcr Teenager und Jugendliche. Mit tollen, farbigen Fotos, Gedanken \u00fcber Gott, als Planungshilfe, viele Anst\u00f6sse zum Nach- und Weiterdenken.<\/p>\n<p>Format A4.<\/p>\n","protected":false},"featured_media":13412,"template":"","meta":{"_et_pb_use_builder":"","_et_pb_old_content":"","_et_gb_content_width":""},"product_brand":[],"product_cat":[16],"product_tag":[946,531,943],"class_list":{"0":"post-7583","1":"product","2":"type-product","3":"status-publish","4":"has-post-thumbnail","6":"product_cat-kalender","7":"product_tag-en-quete-de","8":"product_tag-ich-habs","9":"product_tag-kalender-jugend","11":"first","12":"instock","13":"taxable","14":"shipping-taxable","15":"purchasable","16":"product-type-variable"},"_links":{"self":[{"href":"https:\/\/shop.msd-online.ch\/fr\/wp-json\/wp\/v2\/product\/7583","targetHints":{"allow":["GET"]}}],"collection":[{"href":"https:\/\/shop.msd-online.ch\/fr\/wp-json\/wp\/v2\/product"}],"about":[{"href":"https:\/\/shop.msd-online.ch\/fr\/wp-json\/wp\/v2\/types\/product"}],"wp:featuredmedia":[{"embeddable":true,"href":"https:\/\/shop.msd-online.ch\/fr\/wp-json\/wp\/v2\/media\/13412"}],"wp:attachment":[{"href":"https:\/\/shop.msd-online.ch\/fr\/wp-json\/wp\/v2\/media?parent=7583"}],"wp:term":[{"taxonomy":"product_brand","embeddable":true,"href":"https:\/\/shop.msd-online.ch\/fr\/wp-json\/wp\/v2\/product_brand?post=7583"},{"taxonomy":"product_cat","embeddable":true,"href":"https:\/\/shop.msd-online.ch\/fr\/wp-json\/wp\/v2\/product_cat?post=7583"},{"taxonomy":"product_tag","embeddable":true,"href":"https:\/\/shop.msd-online.ch\/fr\/wp-json\/wp\/v2\/product_tag?post=7583"}],"curies":[{"name":"wp","href":"https:\/\/api.w.org\/{rel}","templated":true}]}}