{"id":8053,"date":"2023-01-24T13:22:13","date_gmt":"2023-01-24T13:28:56","guid":{"rendered":"https:\/\/shop.msd-online.ch\/produkt\/amazingplace-de-en-ar\/"},"modified":"2025-03-04T14:20:59","modified_gmt":"2025-03-04T14:20:59","slug":"amazingplace-de-en-ar","status":"publish","type":"product","link":"https:\/\/shop.msd-online.ch\/fr\/ produkt-fr\/amazingplace-de-en-ar\/","title":{"rendered":"Carte de contact &#8220;AmazingPlace&#8221; (EN)"},"content":{"rendered":"<p>Ces cartes de visite peuvent \u00eatre utilis\u00e9es pour une op\u00e9ration de rue,<\/p>\n<p>ils renvoient au site amazingplace.ch. Le contenu est principalement \u00e9crit pour les touristes.<\/p>\n","protected":false},"excerpt":{"rendered":"<p>Ces cartes de visite peuvent \u00eatre utilis\u00e9es pour une op\u00e9ration de rue.<br \/>\nElles renvoient au site web<br \/>\n<a href=\"https:\/\/www.amazingplace.ch\/\">amazingplace.ch<\/a><\/p>\n","protected":false},"featured_media":13046,"template":"","meta":{"_et_pb_use_builder":"","_et_pb_old_content":"","_et_gb_content_width":""},"product_brand":[],"product_cat":[1090],"product_tag":[289,290,890],"class_list":{"0":"post-8053","1":"product","2":"type-product","3":"status-publish","4":"has-post-thumbnail","6":"product_cat-cartes-de-visite-fr","7":"product_tag-carte-de-visite","8":"product_tag-evangelisation-fr","9":"product_tag-carte-fr","11":"first","12":"instock","13":"taxable","14":"shipping-taxable","15":"purchasable","16":"product-type-simple"},"_links":{"self":[{"href":"https:\/\/shop.msd-online.ch\/fr\/wp-json\/wp\/v2\/product\/8053","targetHints":{"allow":["GET"]}}],"collection":[{"href":"https:\/\/shop.msd-online.ch\/fr\/wp-json\/wp\/v2\/product"}],"about":[{"href":"https:\/\/shop.msd-online.ch\/fr\/wp-json\/wp\/v2\/types\/product"}],"wp:featuredmedia":[{"embeddable":true,"href":"https:\/\/shop.msd-online.ch\/fr\/wp-json\/wp\/v2\/media\/13046"}],"wp:attachment":[{"href":"https:\/\/shop.msd-online.ch\/fr\/wp-json\/wp\/v2\/media?parent=8053"}],"wp:term":[{"taxonomy":"product_brand","embeddable":true,"href":"https:\/\/shop.msd-online.ch\/fr\/wp-json\/wp\/v2\/product_brand?post=8053"},{"taxonomy":"product_cat","embeddable":true,"href":"https:\/\/shop.msd-online.ch\/fr\/wp-json\/wp\/v2\/product_cat?post=8053"},{"taxonomy":"product_tag","embeddable":true,"href":"https:\/\/shop.msd-online.ch\/fr\/wp-json\/wp\/v2\/product_tag?post=8053"}],"curies":[{"name":"wp","href":"https:\/\/api.w.org\/{rel}","templated":true}]}}