{"id":8087,"date":"2022-10-13T09:44:17","date_gmt":"2022-10-13T09:44:17","guid":{"rendered":"https:\/\/shop.msd-online.ch\/produkt\/vraiment-aime\/"},"modified":"2025-02-27T10:28:48","modified_gmt":"2025-02-27T10:28:48","slug":"broschuere-wirklich-geliebt","status":"publish","type":"product","link":"https:\/\/shop.msd-online.ch\/fr\/ produkt-fr\/broschuere-wirklich-geliebt\/","title":{"rendered":"Brochure &#8220;Vraiment aim\u00e9&#8221; (div. Sprachen)"},"content":{"rendered":"<p>Cette brochure est un outil pour expliquer le chemin vers Dieu. En la lisant, chacun peut comprendre que J\u00e9sus est le seul salut. &#8220;Vraiment aim\u00e9&#8221; est une version r\u00e9vis\u00e9e de la brochure &#8220;Dieu aime tout le monde&#8221;. Dans certaines langues, seules les anciennes variantes sont disponibles.<\/p>\n<p>A la fin, elle renvoie \u00e0 notre site <a href=\"https:\/\/godloves.me\/\">godloves.me<\/a> et \u00e0 nos cours bibliques <a href=\"https:\/\/godtime.online\/\">godtime.online<\/a>.<\/p>\n","protected":false},"excerpt":{"rendered":"<p>Cette brochure explique simplement l&#8217;Evangile \u00e0 l&#8217;aide des symboles du <a href=\"https:\/\/shop.msd-online.ch\/produkt\/brueckenmodell-small\/\">pont<\/a>.<\/p>\n","protected":false},"featured_media":13007,"template":"","meta":{"_et_pb_use_builder":"","_et_pb_old_content":"","_et_gb_content_width":""},"product_brand":[],"product_cat":[1093],"product_tag":[],"class_list":{"0":"post-8087","1":"product","2":"type-product","3":"status-publish","4":"has-post-thumbnail","6":"product_cat-brochures-fr","8":"first","9":"instock","10":"taxable","11":"shipping-taxable","12":"purchasable","13":"product-type-variable","14":"has-default-attributes"},"_links":{"self":[{"href":"https:\/\/shop.msd-online.ch\/fr\/wp-json\/wp\/v2\/product\/8087","targetHints":{"allow":["GET"]}}],"collection":[{"href":"https:\/\/shop.msd-online.ch\/fr\/wp-json\/wp\/v2\/product"}],"about":[{"href":"https:\/\/shop.msd-online.ch\/fr\/wp-json\/wp\/v2\/types\/product"}],"wp:featuredmedia":[{"embeddable":true,"href":"https:\/\/shop.msd-online.ch\/fr\/wp-json\/wp\/v2\/media\/13007"}],"wp:attachment":[{"href":"https:\/\/shop.msd-online.ch\/fr\/wp-json\/wp\/v2\/media?parent=8087"}],"wp:term":[{"taxonomy":"product_brand","embeddable":true,"href":"https:\/\/shop.msd-online.ch\/fr\/wp-json\/wp\/v2\/product_brand?post=8087"},{"taxonomy":"product_cat","embeddable":true,"href":"https:\/\/shop.msd-online.ch\/fr\/wp-json\/wp\/v2\/product_cat?post=8087"},{"taxonomy":"product_tag","embeddable":true,"href":"https:\/\/shop.msd-online.ch\/fr\/wp-json\/wp\/v2\/product_tag?post=8087"}],"curies":[{"name":"wp","href":"https:\/\/api.w.org\/{rel}","templated":true}]}}