{"id":8130,"date":"2023-01-24T16:00:49","date_gmt":"2023-01-24T16:02:34","guid":{"rendered":"https:\/\/shop.msd-online.ch\/produkt\/carte-grenzenlos-de\/"},"modified":"2025-02-27T10:49:23","modified_gmt":"2025-02-27T10:49:23","slug":"flyer-grenzenlos-fr","status":"publish","type":"product","link":"https:\/\/shop.msd-online.ch\/fr\/ produkt-fr\/flyer-grenzenlos-fr\/","title":{"rendered":"Flyer &#8220;Grenzenlos&#8221; (DE)"},"content":{"rendered":"<p>Carte carr\u00e9e avec un recto color\u00e9 et l&#8217;impression &#8220;Grenzenlos&#8221;. Verso avec un verset biblique sur ce que J\u00e9sus a fait pour nous. Sert de support publicitaire pour la plateforme num\u00e9rique <a href=\"https:\/\/godloves.me\/\">godloves.me<\/a>.<\/p>\n<p>Convient comme carte de distribution, de pr\u00e9f\u00e9rence en combinaison avec un petit cadeau.<\/p>\n","protected":false},"excerpt":{"rendered":"<p>Carte de distribution carr\u00e9e qui sert de support publicitaire pour la plateforme num\u00e9rique <a href=\"https:\/\/godloves.me\/\">godloves.me <\/a>.<\/p>\n","protected":false},"featured_media":13287,"template":"","meta":{"_et_pb_use_builder":"","_et_pb_old_content":"","_et_gb_content_width":""},"product_brand":[],"product_cat":[1096],"product_tag":[],"class_list":{"0":"post-8130","1":"product","2":"type-product","3":"status-publish","4":"has-post-thumbnail","6":"product_cat-flyer-fr","8":"first","9":"instock","10":"taxable","11":"shipping-taxable","12":"purchasable","13":"product-type-simple"},"_links":{"self":[{"href":"https:\/\/shop.msd-online.ch\/fr\/wp-json\/wp\/v2\/product\/8130","targetHints":{"allow":["GET"]}}],"collection":[{"href":"https:\/\/shop.msd-online.ch\/fr\/wp-json\/wp\/v2\/product"}],"about":[{"href":"https:\/\/shop.msd-online.ch\/fr\/wp-json\/wp\/v2\/types\/product"}],"wp:featuredmedia":[{"embeddable":true,"href":"https:\/\/shop.msd-online.ch\/fr\/wp-json\/wp\/v2\/media\/13287"}],"wp:attachment":[{"href":"https:\/\/shop.msd-online.ch\/fr\/wp-json\/wp\/v2\/media?parent=8130"}],"wp:term":[{"taxonomy":"product_brand","embeddable":true,"href":"https:\/\/shop.msd-online.ch\/fr\/wp-json\/wp\/v2\/product_brand?post=8130"},{"taxonomy":"product_cat","embeddable":true,"href":"https:\/\/shop.msd-online.ch\/fr\/wp-json\/wp\/v2\/product_cat?post=8130"},{"taxonomy":"product_tag","embeddable":true,"href":"https:\/\/shop.msd-online.ch\/fr\/wp-json\/wp\/v2\/product_tag?post=8130"}],"curies":[{"name":"wp","href":"https:\/\/api.w.org\/{rel}","templated":true}]}}