{"id":8426,"date":"2022-09-15T11:23:11","date_gmt":"2023-01-26T07:55:27","guid":{"rendered":"https:\/\/shop.msd-online.ch\/produkt\/lespoir-de-en-fr-it\/"},"modified":"2025-02-25T15:06:32","modified_gmt":"2025-02-25T15:06:32","slug":"broschueren-hope","status":"publish","type":"product","link":"https:\/\/shop.msd-online.ch\/fr\/ produkt-fr\/broschueren-hope\/","title":{"rendered":"Brochure &#8220;L&#8217;Espoir&#8221; (DE, EN, FR, IT)"},"content":{"rendered":"<p><a href=\"https:\/\/godloves.me\/hope\/\">Cette brochure color\u00e9e et moderne sur l&#8217;espoir s&#8217;appuie sur la plateforme en lignegodloves.me<\/a>. Elle offre ainsi un acc\u00e8s facile \u00e0 encore plus de contenus et de possibilit\u00e9s et constitue un produit d&#8217;\u00e9vang\u00e9lisation appropri\u00e9 pour tes rencontres avec les gens.<\/p>\n","protected":false},"excerpt":{"rendered":"<p>En J\u00e9sus, nous avons une esp\u00e9rance qui demeure jusqu\u2019au bout.Portons cette esp\u00e9rance!<\/p>\n","protected":false},"featured_media":12941,"template":"","meta":{"_et_pb_use_builder":"off","_et_pb_old_content":"","_et_gb_content_width":""},"product_brand":[],"product_cat":[1093],"product_tag":[1114,271,290],"class_list":{"0":"post-8426","1":"product","2":"type-product","3":"status-publish","4":"has-post-thumbnail","6":"product_cat-brochures-fr","7":"product_tag-espoir","8":"product_tag-godloves-me-fr","9":"product_tag-evangelisation-fr","11":"first","12":"instock","13":"taxable","14":"shipping-taxable","15":"purchasable","16":"product-type-variable"},"_links":{"self":[{"href":"https:\/\/shop.msd-online.ch\/fr\/wp-json\/wp\/v2\/product\/8426","targetHints":{"allow":["GET"]}}],"collection":[{"href":"https:\/\/shop.msd-online.ch\/fr\/wp-json\/wp\/v2\/product"}],"about":[{"href":"https:\/\/shop.msd-online.ch\/fr\/wp-json\/wp\/v2\/types\/product"}],"wp:featuredmedia":[{"embeddable":true,"href":"https:\/\/shop.msd-online.ch\/fr\/wp-json\/wp\/v2\/media\/12941"}],"wp:attachment":[{"href":"https:\/\/shop.msd-online.ch\/fr\/wp-json\/wp\/v2\/media?parent=8426"}],"wp:term":[{"taxonomy":"product_brand","embeddable":true,"href":"https:\/\/shop.msd-online.ch\/fr\/wp-json\/wp\/v2\/product_brand?post=8426"},{"taxonomy":"product_cat","embeddable":true,"href":"https:\/\/shop.msd-online.ch\/fr\/wp-json\/wp\/v2\/product_cat?post=8426"},{"taxonomy":"product_tag","embeddable":true,"href":"https:\/\/shop.msd-online.ch\/fr\/wp-json\/wp\/v2\/product_tag?post=8426"}],"curies":[{"name":"wp","href":"https:\/\/api.w.org\/{rel}","templated":true}]}}