{"id":8461,"date":"2022-02-21T08:36:52","date_gmt":"2023-01-26T08:06:15","guid":{"rendered":"https:\/\/shop.msd-online.ch\/produkt\/ce-di-piu-it\/"},"modified":"2025-02-27T10:32:18","modified_gmt":"2025-02-27T10:32:18","slug":"broschuere-ce-di-piu-it","status":"publish","type":"product","link":"https:\/\/shop.msd-online.ch\/fr\/ produkt-fr\/broschuere-ce-di-piu-it\/","title":{"rendered":"Brochure &#8220;C&#8217;\u00e8 di PI\u00d9?&#8221; (IT)"},"content":{"rendered":"<p>Ce livret d&#8217;\u00e9vang\u00e9lisation offre un merveilleux guide pour les personnes en recherche. Ce livret est destin\u00e9 \u00e0 tous ceux qui aspirent \u00e0 PLUS.<\/p>\n<p><b>Nous avons pu r\u00e9aliser cette brochure en italien, en collaboration avec <a href=\"https:\/\/thefour.com\/ch\/\">THE FOUR Suisse<\/a>.<\/b><\/p>\n","protected":false},"excerpt":{"rendered":"<p>Ici, il y a plus !<br \/>\nLes quatre points de <a href=\"https:\/\/thefour.com\/ch\/\">\u00ab THE FOUR \u00bb<\/a>, emball\u00e9s dans un beau design et compl\u00e9t\u00e9s par des citations de personnalit\u00e9s c\u00e9l\u00e8bres.<\/p>\n","protected":false},"featured_media":13043,"template":"","meta":{"_et_pb_use_builder":"","_et_pb_old_content":"","_et_gb_content_width":""},"product_brand":[],"product_cat":[1093],"product_tag":[290],"class_list":{"0":"post-8461","1":"product","2":"type-product","3":"status-publish","4":"has-post-thumbnail","6":"product_cat-brochures-fr","7":"product_tag-evangelisation-fr","9":"first","10":"instock","11":"taxable","12":"shipping-taxable","13":"purchasable","14":"product-type-variable","15":"has-default-attributes"},"_links":{"self":[{"href":"https:\/\/shop.msd-online.ch\/fr\/wp-json\/wp\/v2\/product\/8461","targetHints":{"allow":["GET"]}}],"collection":[{"href":"https:\/\/shop.msd-online.ch\/fr\/wp-json\/wp\/v2\/product"}],"about":[{"href":"https:\/\/shop.msd-online.ch\/fr\/wp-json\/wp\/v2\/types\/product"}],"wp:featuredmedia":[{"embeddable":true,"href":"https:\/\/shop.msd-online.ch\/fr\/wp-json\/wp\/v2\/media\/13043"}],"wp:attachment":[{"href":"https:\/\/shop.msd-online.ch\/fr\/wp-json\/wp\/v2\/media?parent=8461"}],"wp:term":[{"taxonomy":"product_brand","embeddable":true,"href":"https:\/\/shop.msd-online.ch\/fr\/wp-json\/wp\/v2\/product_brand?post=8461"},{"taxonomy":"product_cat","embeddable":true,"href":"https:\/\/shop.msd-online.ch\/fr\/wp-json\/wp\/v2\/product_cat?post=8461"},{"taxonomy":"product_tag","embeddable":true,"href":"https:\/\/shop.msd-online.ch\/fr\/wp-json\/wp\/v2\/product_tag?post=8461"}],"curies":[{"name":"wp","href":"https:\/\/api.w.org\/{rel}","templated":true}]}}