{"id":9224,"date":"2023-02-23T09:51:50","date_gmt":"2023-02-23T09:51:51","guid":{"rendered":"https:\/\/shop.msd-online.ch\/?post_type=product&#038;p=9224"},"modified":"2025-03-04T14:01:18","modified_gmt":"2025-03-04T14:01:18","slug":"porte-cles","status":"publish","type":"product","link":"https:\/\/shop.msd-online.ch\/fr\/ produkt-fr\/porte-cles\/","title":{"rendered":"Porte-cl\u00e9s &#8220;godloves.me&#8221;"},"content":{"rendered":"<p>Les porte-cl\u00e9s sont imprim\u00e9s avec le logo godloves.me.<\/p>\n","protected":false},"excerpt":{"rendered":"<p>Carte de distribution carr\u00e9e qui sert de support publicitaire pour la plateforme num\u00e9rique <a href=\"https:\/\/godloves.me\/\">godloves.me <\/a>.<\/p>\n","protected":false},"featured_media":12989,"template":"","meta":{"_et_pb_use_builder":"","_et_pb_old_content":"","_et_gb_content_width":""},"product_brand":[],"product_cat":[1095],"product_tag":[271,1192],"class_list":{"0":"post-9224","1":"product","2":"type-product","3":"status-publish","4":"has-post-thumbnail","6":"product_cat-fashion-fr","7":"product_tag-godloves-me-fr","8":"product_tag-porte-cles","10":"first","11":"instock","12":"taxable","13":"shipping-taxable","14":"purchasable","15":"product-type-simple"},"_links":{"self":[{"href":"https:\/\/shop.msd-online.ch\/fr\/wp-json\/wp\/v2\/product\/9224","targetHints":{"allow":["GET"]}}],"collection":[{"href":"https:\/\/shop.msd-online.ch\/fr\/wp-json\/wp\/v2\/product"}],"about":[{"href":"https:\/\/shop.msd-online.ch\/fr\/wp-json\/wp\/v2\/types\/product"}],"wp:featuredmedia":[{"embeddable":true,"href":"https:\/\/shop.msd-online.ch\/fr\/wp-json\/wp\/v2\/media\/12989"}],"wp:attachment":[{"href":"https:\/\/shop.msd-online.ch\/fr\/wp-json\/wp\/v2\/media?parent=9224"}],"wp:term":[{"taxonomy":"product_brand","embeddable":true,"href":"https:\/\/shop.msd-online.ch\/fr\/wp-json\/wp\/v2\/product_brand?post=9224"},{"taxonomy":"product_cat","embeddable":true,"href":"https:\/\/shop.msd-online.ch\/fr\/wp-json\/wp\/v2\/product_cat?post=9224"},{"taxonomy":"product_tag","embeddable":true,"href":"https:\/\/shop.msd-online.ch\/fr\/wp-json\/wp\/v2\/product_tag?post=9224"}],"curies":[{"name":"wp","href":"https:\/\/api.w.org\/{rel}","templated":true}]}}