{"id":9231,"date":"2023-02-23T13:25:23","date_gmt":"2023-02-23T13:25:24","guid":{"rendered":"https:\/\/shop.msd-online.ch\/?post_type=product&#038;p=9231"},"modified":"2025-03-11T14:01:37","modified_gmt":"2025-03-11T14:01:37","slug":"flyer-ostern-de","status":"publish","type":"product","link":"https:\/\/shop.msd-online.ch\/fr\/ produkt-fr\/flyer-ostern-de\/","title":{"rendered":"Flyer &#8220;Joyeuses P\u00e2ques&#8221; (DE, FR)"},"content":{"rendered":"<p>Flyer de P\u00e2ques avec un recto color\u00e9 et l&#8217;impression &#8220;<span class=\"hiddenGrammarError\">Joyeuses P\u00e2ques<\/span>&#8220;. Au verso, une br\u00e8ve r\u00e9f\u00e9rence \u00e0 P\u00e2ques et \u00e0 ce que J\u00e9sus a fait pour nous. Sert de support publicitaire pour la plateforme num\u00e9rique godloves.me. Des contenus sp\u00e9ciaux y sont propos\u00e9s pour P\u00e2ques.<\/p>\n<p>Convient comme carte de <span class=\"hiddenSpellError\">distribution<\/span> pour P\u00e2ques, mieux en combinaison avec un petit cadeau, une fleur ou surtout avec un soi-disant agneau de P\u00e2ques fait maison.<\/p>\n","protected":false},"excerpt":{"rendered":"<p>Cette carte sert de support publicitaire pour la plate-forme num\u00e9rique <a href=\"https:\/\/godloves.me\/\">godloves.me<\/a>. Des contenus sp\u00e9ciaux y sont propos\u00e9s pour P\u00e2ques.<\/p>\n","protected":false},"featured_media":12959,"template":"","meta":{"_et_pb_use_builder":"","_et_pb_old_content":"","_et_gb_content_width":""},"product_brand":[],"product_cat":[1096],"product_tag":[290,338,949],"class_list":{"0":"post-9231","1":"product","2":"type-product","3":"status-publish","4":"has-post-thumbnail","6":"product_cat-flyer-fr","7":"product_tag-evangelisation-fr","8":"product_tag-paques","9":"product_tag-prospectus","11":"first","12":"instock","13":"taxable","14":"shipping-taxable","15":"purchasable","16":"product-type-variable"},"_links":{"self":[{"href":"https:\/\/shop.msd-online.ch\/fr\/wp-json\/wp\/v2\/product\/9231","targetHints":{"allow":["GET"]}}],"collection":[{"href":"https:\/\/shop.msd-online.ch\/fr\/wp-json\/wp\/v2\/product"}],"about":[{"href":"https:\/\/shop.msd-online.ch\/fr\/wp-json\/wp\/v2\/types\/product"}],"wp:featuredmedia":[{"embeddable":true,"href":"https:\/\/shop.msd-online.ch\/fr\/wp-json\/wp\/v2\/media\/12959"}],"wp:attachment":[{"href":"https:\/\/shop.msd-online.ch\/fr\/wp-json\/wp\/v2\/media?parent=9231"}],"wp:term":[{"taxonomy":"product_brand","embeddable":true,"href":"https:\/\/shop.msd-online.ch\/fr\/wp-json\/wp\/v2\/product_brand?post=9231"},{"taxonomy":"product_cat","embeddable":true,"href":"https:\/\/shop.msd-online.ch\/fr\/wp-json\/wp\/v2\/product_cat?post=9231"},{"taxonomy":"product_tag","embeddable":true,"href":"https:\/\/shop.msd-online.ch\/fr\/wp-json\/wp\/v2\/product_tag?post=9231"}],"curies":[{"name":"wp","href":"https:\/\/api.w.org\/{rel}","templated":true}]}}